{"id":4040,"date":"2024-06-02T12:27:41","date_gmt":"2024-06-02T12:27:41","guid":{"rendered":"https:\/\/muguetagency.com\/?page_id=4040"},"modified":"2026-05-03T19:19:47","modified_gmt":"2026-05-03T19:19:47","slug":"stand","status":"publish","type":"page","link":"https:\/\/muguetagency.com\/en\/stand\/","title":{"rendered":"Stand"},"content":{"rendered":"<div data-elementor-type=\"wp-page\" data-elementor-id=\"4040\" class=\"elementor elementor-4040\" data-elementor-post-type=\"page\">\n\t\t\t\t<div class=\"elementor-element elementor-element-58a8125 e-con-full e-flex e-con e-parent\" data-id=\"58a8125\" data-element_type=\"container\" data-e-type=\"container\" data-settings=\"{&quot;background_background&quot;:&quot;classic&quot;}\">\n\t\t\t\t<div class=\"elementor-element elementor-element-75ede45b elementor-widget elementor-widget-heading\" data-id=\"75ede45b\" data-element_type=\"widget\" data-e-type=\"widget\" data-widget_type=\"heading.default\">\n\t\t\t\t<div class=\"elementor-widget-container\">\n\t\t\t\t\t<h1 class=\"elementor-heading-title elementor-size-default\">Stand &amp; Exhibitions<\/h1>\t\t\t\t<\/div>\n\t\t\t\t<\/div>\n\t\t\t\t<div class=\"elementor-element elementor-element-3ff81ee4 elementor-icon-list--layout-inline elementor-list-item-link-full_width elementor-widget elementor-widget-icon-list\" data-id=\"3ff81ee4\" data-element_type=\"widget\" data-e-type=\"widget\" data-widget_type=\"icon-list.default\">\n\t\t\t\t<div class=\"elementor-widget-container\">\n\t\t\t\t\t\t\t<ul class=\"elementor-icon-list-items elementor-inline-items\">\n\t\t\t\t\t\t\t<li class=\"elementor-icon-list-item elementor-inline-item\">\n\t\t\t\t\t\t\t\t\t\t\t<a href=\"https:\/\/muguetagency.com\/en\/\">\n\n\t\t\t\t\t\t\t\t\t\t\t\t<span class=\"elementor-icon-list-icon\">\n\t\t\t\t\t\t\t<svg aria-hidden=\"true\" class=\"e-font-icon-svg e-fas-house-user\" viewbox=\"0 0 576 512\" xmlns=\"http:\/\/www.w3.org\/2000\/svg\"><path d=\"M570.69,236.27,512,184.44V48a16,16,0,0,0-16-16H432a16,16,0,0,0-16,16V99.67L314.78,10.3C308.5,4.61,296.53,0,288,0s-20.46,4.61-26.74,10.3l-256,226A18.27,18.27,0,0,0,0,248.2a18.64,18.64,0,0,0,4.09,10.71L25.5,282.7a21.14,21.14,0,0,0,12,5.3,21.67,21.67,0,0,0,10.69-4.11l15.9-14V480a32,32,0,0,0,32,32H480a32,32,0,0,0,32-32V269.88l15.91,14A21.94,21.94,0,0,0,538.63,288a20.89,20.89,0,0,0,11.87-5.31l21.41-23.81A21.64,21.64,0,0,0,576,248.19,21,21,0,0,0,570.69,236.27ZM288,176a64,64,0,1,1-64,64A64,64,0,0,1,288,176ZM400,448H176a16,16,0,0,1-16-16,96,96,0,0,1,96-96h64a96,96,0,0,1,96,96A16,16,0,0,1,400,448Z\"><\/path><\/svg>\t\t\t\t\t\t<\/span>\n\t\t\t\t\t\t\t\t\t\t<span class=\"elementor-icon-list-text\">Home<\/span>\n\t\t\t\t\t\t\t\t\t\t\t<\/a>\n\t\t\t\t\t\t\t\t\t<\/li>\n\t\t\t\t\t\t\t\t<li class=\"elementor-icon-list-item elementor-inline-item\">\n\t\t\t\t\t\t\t\t\t\t\t<span class=\"elementor-icon-list-icon\">\n\t\t\t\t\t\t\t<svg aria-hidden=\"true\" class=\"e-font-icon-svg e-fas-arrow-right\" viewbox=\"0 0 448 512\" xmlns=\"http:\/\/www.w3.org\/2000\/svg\"><path d=\"M190.5 66.9l22.2-22.2c9.4-9.4 24.6-9.4 33.9 0L441 239c9.4 9.4 9.4 24.6 0 33.9L246.6 467.3c-9.4 9.4-24.6 9.4-33.9 0l-22.2-22.2c-9.5-9.5-9.3-25 .4-34.3L311.4 296H24c-13.3 0-24-10.7-24-24v-32c0-13.3 10.7-24 24-24h287.4L190.9 101.2c-9.8-9.3-10-24.8-.4-34.3z\"><\/path><\/svg>\t\t\t\t\t\t<\/span>\n\t\t\t\t\t\t\t\t\t\t<span class=\"elementor-icon-list-text\">Stand &amp; Exhibitions<\/span>\n\t\t\t\t\t\t\t\t\t<\/li>\n\t\t\t\t\t\t<\/ul>\n\t\t\t\t\t\t<\/div>\n\t\t\t\t<\/div>\n\t\t\t\t<\/div>\n\t\t<div class=\"elementor-element elementor-element-ac2eab9 e-flex e-con-boxed e-con e-parent\" data-id=\"ac2eab9\" data-element_type=\"container\" data-e-type=\"container\">\n\t\t\t\t\t<div class=\"e-con-inner\">\n\t\t\t\t<div class=\"elementor-element elementor-element-3a1f294 elementor-widget elementor-widget-heading\" data-id=\"3a1f294\" data-element_type=\"widget\" data-e-type=\"widget\" data-widget_type=\"heading.default\">\n\t\t\t\t<div class=\"elementor-widget-container\">\n\t\t\t\t\t<h2 class=\"elementor-heading-title elementor-size-default\">De la conception \u00e0 la r\u00e9alisation, votre vision prend forme<\/h2>\t\t\t\t<\/div>\n\t\t\t\t<\/div>\n\t\t\t\t<div class=\"elementor-element elementor-element-2513ec2 elementor-widget-mobile__width-inherit elementor-widget elementor-widget-heading\" data-id=\"2513ec2\" data-element_type=\"widget\" data-e-type=\"widget\" data-widget_type=\"heading.default\">\n\t\t\t\t<div class=\"elementor-widget-container\">\n\t\t\t\t\t<h3 class=\"elementor-heading-title elementor-size-default\">Stand Personnalis\u00e9<\/h3>\t\t\t\t<\/div>\n\t\t\t\t<\/div>\n\t\t\t\t<div class=\"elementor-element elementor-element-c49e9d2 elementor-widget elementor-widget-text-editor\" data-id=\"c49e9d2\" data-element_type=\"widget\" data-e-type=\"widget\" data-widget_type=\"text-editor.default\">\n\t\t\t\t<div class=\"elementor-widget-container\">\n\t\t\t\t\t\t\t\t\t<p>Nous vous accompagnons de la phase de conception de stand sur mesure jusqu&rsquo;\u00e0 la r\u00e9alisation afin de cr\u00e9er un stand sur mesure r\u00e9pondant \u00e0 vos besoins sp\u00e9cifiques<a href=\"https:\/\/muguetagency.com\/en\/strategie-conception-de-stand-sur-mesure\/\">.<\/a> Notre \u00e9quipe analyse vos exigences pour \u00e9laborer une maquette optimale<a href=\"https:\/\/muguetagency.com\/en\/agence-conception-de-stand-sur-mesure\/\">,<\/a> optimisant l&rsquo;utilisation de l&rsquo;espace disponible et mettant en valeur vos produits de mani\u00e8re efficace<a href=\"https:\/\/muguetagency.com\/en\/conception-stand-sur-mesure-2026\/\">.<\/a><\/p>\t\t\t\t\t\t\t\t<\/div>\n\t\t\t\t<\/div>\n\t\t\t\t<div class=\"elementor-element elementor-element-d2d9960 elementor-widget elementor-widget-text-editor\" data-id=\"d2d9960\" data-element_type=\"widget\" data-e-type=\"widget\" data-widget_type=\"text-editor.default\">\n\t\t\t\t<div class=\"elementor-widget-container\">\n\t\t\t\t\t\t\t\t\t<p>Notre implication ne se limite pas \u00e0 la phase de conception de <a class=\"wpil_keyword_link\" title=\"Conception de Stand sur Mesure : L\u2019Art de Valoriser Votre Pr\u00e9sence sur les Salons Professionnels\" href=\"https:\/\/muguetagency.com\/en\/conception-de-stand-sur-mesure-lart-de-valoriser-votre-presence-sur-les-salons-professionnels\/\" data-wpil-keyword-link=\"linked\" data-wpil-monitor-id=\"23\">stand<\/a> <a href=\"https:\/\/muguetagency.com\/en\/conception-stand-5\/\">;<\/a> nous restons \u00e0 l&rsquo;\u00e9coute et ajustons le projet \u00e0 fur et \u00e0 mesure<a href=\"https:\/\/muguetagency.com\/en\/optimisation-stand-salon-professionnel\/\">.<\/a><\/p>\t\t\t\t\t\t\t\t<\/div>\n\t\t\t\t<\/div>\n\t\t\t\t<div class=\"elementor-element elementor-element-6f38219 elementor-widget elementor-widget-text-editor\" data-id=\"6f38219\" data-element_type=\"widget\" data-e-type=\"widget\" data-widget_type=\"text-editor.default\">\n\t\t\t\t<div class=\"elementor-widget-container\">\n\t\t\t\t\t\t\t\t\t<p>Transformez votre espace d&rsquo;exposition en une vitrine immersive de votre marque<a href=\"https:\/\/muguetagency.com\/wp-admin\/post.php?post=6249&amp;action=edit\">.<\/a> Optez pour un <a class=\"wpil_keyword_link\" title=\"Events\" href=\"https:\/\/muguetagency.com\/en\/evenementiel\/\" data-wpil-keyword-link=\"linked\" data-wpil-monitor-id=\"22\">stand personnalis\u00e9<\/a> qui vous d\u00e9marquera \u00e0 chaque \u00e9v\u00e9nement<a href=\"https:\/\/stand-exposition.ma\/\" target=\"_blank\" rel=\"noopener\">.<\/a><\/p>\t\t\t\t\t\t\t\t<\/div>\n\t\t\t\t<\/div>\n\t\t\t\t\t<\/div>\n\t\t\t\t<\/div>\n\t\t<div class=\"elementor-element elementor-element-72edc38 e-con-full e-flex e-con e-parent\" data-id=\"72edc38\" data-element_type=\"container\" data-e-type=\"container\">\n\t\t<div class=\"elementor-element elementor-element-fbc6eaa e-con-full e-flex e-con e-child\" data-id=\"fbc6eaa\" data-element_type=\"container\" data-e-type=\"container\">\n\t\t\t\t<div class=\"elementor-element elementor-element-24195c9 elementor-widget elementor-widget-image\" data-id=\"24195c9\" data-element_type=\"widget\" data-e-type=\"widget\" data-widget_type=\"image.default\">\n\t\t\t\t<div class=\"elementor-widget-container\">\n\t\t\t\t\t\t\t\t\t\t\t\t\t\t\t<img fetchpriority=\"high\" decoding=\"async\" width=\"640\" height=\"360\" src=\"https:\/\/muguetagency.com\/wp-content\/uploads\/2024\/10\/PHOTO-2023-01-27-09-20-30.jpeg\" class=\"attachment-large size-large wp-image-4627\" alt=\"photo de stand 3 agence evenementielle agence evenementielle maroc agence \u00e9v\u00e9nementiel maroc stand conception stand organisation team building entreprise team building team building maroc conception de stand sur mesure activit\u00e9s team\u00a0building\u00a0maroc\" srcset=\"https:\/\/muguetagency.com\/wp-content\/uploads\/2024\/10\/PHOTO-2023-01-27-09-20-30.jpeg 640w, https:\/\/muguetagency.com\/wp-content\/uploads\/2024\/10\/PHOTO-2023-01-27-09-20-30-300x169.jpeg 300w\" sizes=\"(max-width: 640px) 100vw, 640px\" \/>\t\t\t\t\t\t\t\t\t\t\t\t\t\t\t<\/div>\n\t\t\t\t<\/div>\n\t\t\t\t<\/div>\n\t\t<div class=\"elementor-element elementor-element-2145c75 e-con-full e-flex e-con e-child\" data-id=\"2145c75\" data-element_type=\"container\" data-e-type=\"container\">\n\t\t\t\t<div class=\"elementor-element elementor-element-3b467e9 elementor-widget elementor-widget-image\" data-id=\"3b467e9\" data-element_type=\"widget\" data-e-type=\"widget\" data-widget_type=\"image.default\">\n\t\t\t\t<div class=\"elementor-widget-container\">\n\t\t\t\t\t\t\t\t\t\t\t\t\t\t\t<img decoding=\"async\" width=\"640\" height=\"360\" src=\"https:\/\/muguetagency.com\/wp-content\/uploads\/2024\/10\/PHOTO-2023-01-28-23-25-17-2.jpeg\" class=\"attachment-large size-large wp-image-4626\" alt=\"photo de stand 4\" srcset=\"https:\/\/muguetagency.com\/wp-content\/uploads\/2024\/10\/PHOTO-2023-01-28-23-25-17-2.jpeg 640w, https:\/\/muguetagency.com\/wp-content\/uploads\/2024\/10\/PHOTO-2023-01-28-23-25-17-2-300x169.jpeg 300w\" sizes=\"(max-width: 640px) 100vw, 640px\" \/>\t\t\t\t\t\t\t\t\t\t\t\t\t\t\t<\/div>\n\t\t\t\t<\/div>\n\t\t\t\t<\/div>\n\t\t\t\t<\/div>\n\t\t<div class=\"elementor-element elementor-element-c8fe9b2 e-con-full e-flex e-con e-parent\" data-id=\"c8fe9b2\" data-element_type=\"container\" data-e-type=\"container\">\n\t\t<div class=\"elementor-element elementor-element-696bda7 e-con-full e-flex e-con e-child\" data-id=\"696bda7\" data-element_type=\"container\" data-e-type=\"container\">\n\t\t\t\t<div class=\"elementor-element elementor-element-a4d01a0 elementor-widget elementor-widget-image\" data-id=\"a4d01a0\" data-element_type=\"widget\" data-e-type=\"widget\" data-widget_type=\"image.default\">\n\t\t\t\t<div class=\"elementor-widget-container\">\n\t\t\t\t\t\t\t\t\t\t\t\t\t\t\t<img decoding=\"async\" width=\"640\" height=\"480\" src=\"https:\/\/muguetagency.com\/wp-content\/uploads\/2024\/10\/S-Cleanergy1.jpeg\" class=\"attachment-large size-large wp-image-4623\" alt=\"photo de stand 7 team building conception stand agence evenementielle agence evenementielle maroc agence \u00e9v\u00e9nementiel maroc stand conception stand organisation team building entreprise team building team building maroc conception de stand sur mesure activit\u00e9s team\u00a0building\u00a0maroc\" srcset=\"https:\/\/muguetagency.com\/wp-content\/uploads\/2024\/10\/S-Cleanergy1.jpeg 640w, https:\/\/muguetagency.com\/wp-content\/uploads\/2024\/10\/S-Cleanergy1-300x225.jpeg 300w\" sizes=\"(max-width: 640px) 100vw, 640px\" \/>\t\t\t\t\t\t\t\t\t\t\t\t\t\t\t<\/div>\n\t\t\t\t<\/div>\n\t\t\t\t<\/div>\n\t\t<div class=\"elementor-element elementor-element-c1a57c1 e-con-full e-flex e-con e-child\" data-id=\"c1a57c1\" data-element_type=\"container\" data-e-type=\"container\">\n\t\t\t\t<div class=\"elementor-element elementor-element-69ba8c1 elementor-widget elementor-widget-image\" data-id=\"69ba8c1\" data-element_type=\"widget\" data-e-type=\"widget\" data-widget_type=\"image.default\">\n\t\t\t\t<div class=\"elementor-widget-container\">\n\t\t\t\t\t\t\t\t\t\t\t\t\t\t\t<img loading=\"lazy\" decoding=\"async\" width=\"640\" height=\"480\" src=\"https:\/\/muguetagency.com\/wp-content\/uploads\/2024\/10\/S-Cleanergy2.jpeg\" class=\"attachment-large size-large wp-image-4622\" alt=\"photo de stand 8 agence evenementielle agence evenementielle maroc agence \u00e9v\u00e9nementiel maroc stand conception stand organisation team building entreprise team building team building maroc conception de stand sur mesure activit\u00e9s team\u00a0building\u00a0maroc\" srcset=\"https:\/\/muguetagency.com\/wp-content\/uploads\/2024\/10\/S-Cleanergy2.jpeg 640w, https:\/\/muguetagency.com\/wp-content\/uploads\/2024\/10\/S-Cleanergy2-300x225.jpeg 300w\" sizes=\"(max-width: 640px) 100vw, 640px\" \/>\t\t\t\t\t\t\t\t\t\t\t\t\t\t\t<\/div>\n\t\t\t\t<\/div>\n\t\t\t\t<\/div>\n\t\t\t\t<\/div>\n\t\t<div class=\"elementor-element elementor-element-8e2aaa5 e-con-full e-flex e-con e-parent\" data-id=\"8e2aaa5\" data-element_type=\"container\" data-e-type=\"container\">\n\t\t<div class=\"elementor-element elementor-element-6bb9d35 e-con-full e-flex e-con e-child\" data-id=\"6bb9d35\" data-element_type=\"container\" data-e-type=\"container\">\n\t\t\t\t<div class=\"elementor-element elementor-element-f09f6c5 elementor-widget elementor-widget-image\" data-id=\"f09f6c5\" data-element_type=\"widget\" data-e-type=\"widget\" data-widget_type=\"image.default\">\n\t\t\t\t<div class=\"elementor-widget-container\">\n\t\t\t\t\t\t\t\t\t\t\t\t\t\t\t<img loading=\"lazy\" decoding=\"async\" width=\"640\" height=\"360\" src=\"https:\/\/muguetagency.com\/wp-content\/uploads\/2024\/11\/M-Amiblu-1.jpeg\" class=\"attachment-large size-large wp-image-4776\" alt=\"La photo de stand\" srcset=\"https:\/\/muguetagency.com\/wp-content\/uploads\/2024\/11\/M-Amiblu-1.jpeg 640w, https:\/\/muguetagency.com\/wp-content\/uploads\/2024\/11\/M-Amiblu-1-300x169.jpeg 300w\" sizes=\"(max-width: 640px) 100vw, 640px\" \/>\t\t\t\t\t\t\t\t\t\t\t\t\t\t\t<\/div>\n\t\t\t\t<\/div>\n\t\t\t\t<\/div>\n\t\t<div class=\"elementor-element elementor-element-eace5ce e-con-full e-flex e-con e-child\" data-id=\"eace5ce\" data-element_type=\"container\" data-e-type=\"container\">\n\t\t\t\t<div class=\"elementor-element elementor-element-3515ca5 elementor-widget elementor-widget-image\" data-id=\"3515ca5\" data-element_type=\"widget\" data-e-type=\"widget\" data-widget_type=\"image.default\">\n\t\t\t\t<div class=\"elementor-widget-container\">\n\t\t\t\t\t\t\t\t\t\t\t\t\t\t\t<img loading=\"lazy\" decoding=\"async\" width=\"640\" height=\"360\" src=\"https:\/\/muguetagency.com\/wp-content\/uploads\/2024\/10\/M-Amiblu3.jpeg\" class=\"attachment-large size-large wp-image-4624\" alt=\"photo de stand 6\" srcset=\"https:\/\/muguetagency.com\/wp-content\/uploads\/2024\/10\/M-Amiblu3.jpeg 640w, https:\/\/muguetagency.com\/wp-content\/uploads\/2024\/10\/M-Amiblu3-300x169.jpeg 300w\" sizes=\"(max-width: 640px) 100vw, 640px\" \/>\t\t\t\t\t\t\t\t\t\t\t\t\t\t\t<\/div>\n\t\t\t\t<\/div>\n\t\t\t\t<\/div>\n\t\t\t\t<\/div>\n\t\t\t\t<section class=\"elementor-section elementor-top-section elementor-element elementor-element-ade61cf elementor-section-full_width elementor-section-stretched elementor-section-height-default elementor-section-height-default\" data-id=\"ade61cf\" data-element_type=\"section\" data-e-type=\"section\" data-settings=\"{&quot;stretch_section&quot;:&quot;section-stretched&quot;}\">\n\t\t\t\t\t\t\t<div class=\"elementor-background-overlay\"><\/div>\n\t\t\t\t\t\t\t<div class=\"elementor-container elementor-column-gap-default\">\n\t\t\t\t\t<div class=\"elementor-column elementor-col-100 elementor-top-column elementor-element elementor-element-339e9b21\" data-id=\"339e9b21\" data-element_type=\"column\" data-e-type=\"column\" data-settings=\"{&quot;background_background&quot;:&quot;classic&quot;}\">\n\t\t\t<div class=\"elementor-widget-wrap elementor-element-populated\">\n\t\t\t\t\t<div class=\"elementor-background-overlay\"><\/div>\n\t\t\t\t\t\t<section class=\"elementor-section elementor-inner-section elementor-element elementor-element-7460c4ab elementor-section-boxed elementor-section-height-default elementor-section-height-default\" data-id=\"7460c4ab\" data-element_type=\"section\" data-e-type=\"section\">\n\t\t\t\t\t\t<div class=\"elementor-container elementor-column-gap-default\">\n\t\t\t\t\t<div class=\"elementor-column elementor-col-100 elementor-inner-column elementor-element elementor-element-1656e3cc\" data-id=\"1656e3cc\" data-element_type=\"column\" data-e-type=\"column\">\n\t\t\t<div class=\"elementor-widget-wrap elementor-element-populated\">\n\t\t\t\t\t\t<div class=\"elementor-element elementor-element-69344e07 elementor-widget elementor-widget-heading\" data-id=\"69344e07\" data-element_type=\"widget\" data-e-type=\"widget\" data-widget_type=\"heading.default\">\n\t\t\t\t<div class=\"elementor-widget-container\">\n\t\t\t\t\t<h3 class=\"elementor-heading-title elementor-size-default\">Qu'attendez-vous ?<\/h3>\t\t\t\t<\/div>\n\t\t\t\t<\/div>\n\t\t\t\t<div class=\"elementor-element elementor-element-5559d678 elementor-widget elementor-widget-heading\" data-id=\"5559d678\" data-element_type=\"widget\" data-e-type=\"widget\" data-widget_type=\"heading.default\">\n\t\t\t\t<div class=\"elementor-widget-container\">\n\t\t\t\t\t<h4 class=\"elementor-heading-title elementor-size-default\">Nous assurons la cr\u00e9ation de A \u00e0 Z<\/h4>\t\t\t\t<\/div>\n\t\t\t\t<\/div>\n\t\t\t\t<div class=\"elementor-element elementor-element-32ac087 elementor-align-center elementor-icon-list--layout-traditional elementor-list-item-link-full_width elementor-widget elementor-widget-icon-list\" data-id=\"32ac087\" data-element_type=\"widget\" data-e-type=\"widget\" data-widget_type=\"icon-list.default\">\n\t\t\t\t<div class=\"elementor-widget-container\">\n\t\t\t\t\t\t\t<ul class=\"elementor-icon-list-items\">\n\t\t\t\t\t\t\t<li class=\"elementor-icon-list-item\">\n\t\t\t\t\t\t\t\t\t\t<span class=\"elementor-icon-list-text\">Conception de la maquette 3D<\/span>\n\t\t\t\t\t\t\t\t\t<\/li>\n\t\t\t\t\t\t\t\t<li class=\"elementor-icon-list-item\">\n\t\t\t\t\t\t\t\t\t\t<span class=\"elementor-icon-list-text\">Cr\u00e9ativit\u00e9 &amp; gestion de l\u2019espace<\/span>\n\t\t\t\t\t\t\t\t\t<\/li>\n\t\t\t\t\t\t\t\t<li class=\"elementor-icon-list-item\">\n\t\t\t\t\t\t\t\t\t\t<span class=\"elementor-icon-list-text\">Ma\u00eetrise des mat\u00e9riaux<\/span>\n\t\t\t\t\t\t\t\t\t<\/li>\n\t\t\t\t\t\t<\/ul>\n\t\t\t\t\t\t<\/div>\n\t\t\t\t<\/div>\n\t\t\t\t<div class=\"elementor-element elementor-element-61b9561 elementor-align-center elementor-icon-list--layout-traditional elementor-list-item-link-full_width elementor-widget elementor-widget-icon-list\" data-id=\"61b9561\" data-element_type=\"widget\" data-e-type=\"widget\" data-widget_type=\"icon-list.default\">\n\t\t\t\t<div class=\"elementor-widget-container\">\n\t\t\t\t\t\t\t<ul class=\"elementor-icon-list-items\">\n\t\t\t\t\t\t\t<li class=\"elementor-icon-list-item\">\n\t\t\t\t\t\t\t\t\t\t<span class=\"elementor-icon-list-text\">Expertise de l\u2019\u00e9quipe <\/span>\n\t\t\t\t\t\t\t\t\t<\/li>\n\t\t\t\t\t\t\t\t<li class=\"elementor-icon-list-item\">\n\t\t\t\t\t\t\t\t\t\t<span class=\"elementor-icon-list-text\">Design et am\u00e9nagement <\/span>\n\t\t\t\t\t\t\t\t\t<\/li>\n\t\t\t\t\t\t\t\t<li class=\"elementor-icon-list-item\">\n\t\t\t\t\t\t\t\t\t\t<span class=\"elementor-icon-list-text\">Gestion de temps<\/span>\n\t\t\t\t\t\t\t\t\t<\/li>\n\t\t\t\t\t\t<\/ul>\n\t\t\t\t\t\t<\/div>\n\t\t\t\t<\/div>\n\t\t\t\t<div class=\"elementor-element elementor-element-392a9c14 elementor-align-center elementor-widget elementor-widget-button\" data-id=\"392a9c14\" data-element_type=\"widget\" data-e-type=\"widget\" data-widget_type=\"button.default\">\n\t\t\t\t<div class=\"elementor-widget-container\">\n\t\t\t\t\t\t\t\t\t<div class=\"elementor-button-wrapper\">\n\t\t\t\t\t<a class=\"elementor-button elementor-button-link elementor-size-sm\" href=\"https:\/\/muguetagency.com\/en\/booking\/\">\n\t\t\t\t\t\t<span class=\"elementor-button-content-wrapper\">\n\t\t\t\t\t\t<span class=\"elementor-button-icon\">\n\t\t\t\t<svg aria-hidden=\"true\" class=\"e-font-icon-svg e-fas-arrow-right\" viewbox=\"0 0 448 512\" xmlns=\"http:\/\/www.w3.org\/2000\/svg\"><path d=\"M190.5 66.9l22.2-22.2c9.4-9.4 24.6-9.4 33.9 0L441 239c9.4 9.4 9.4 24.6 0 33.9L246.6 467.3c-9.4 9.4-24.6 9.4-33.9 0l-22.2-22.2c-9.5-9.5-9.3-25 .4-34.3L311.4 296H24c-13.3 0-24-10.7-24-24v-32c0-13.3 10.7-24 24-24h287.4L190.9 101.2c-9.8-9.3-10-24.8-.4-34.3z\"><\/path><\/svg>\t\t\t<\/span>\n\t\t\t\t\t\t\t\t\t<span class=\"elementor-button-text\">Demande gratuite<\/span>\n\t\t\t\t\t<\/span>\n\t\t\t\t\t<\/a>\n\t\t\t\t<\/div>\n\t\t\t\t\t\t\t\t<\/div>\n\t\t\t\t<\/div>\n\t\t\t\t\t<\/div>\n\t\t<\/div>\n\t\t\t\t\t<\/div>\n\t\t<\/section>\n\t\t\t\t\t<\/div>\n\t\t<\/div>\n\t\t\t\t\t<\/div>\n\t\t<\/section>\n\t\t\t\t<\/div>","protected":false},"excerpt":{"rendered":"<p>Stand &amp; Expositions Accueil Stand &amp; Expositions De la conception \u00e0 la r\u00e9alisation, votre vision prend forme Stand Personnalis\u00e9 Nous vous accompagnons de la phase de conception de stand sur mesure jusqu&rsquo;\u00e0 la r\u00e9alisation afin de cr\u00e9er un stand sur mesure r\u00e9pondant \u00e0 vos besoins sp\u00e9cifiques. Notre \u00e9quipe analyse vos exigences pour \u00e9laborer une maquette<\/p>","protected":false},"author":1,"featured_media":4964,"parent":0,"menu_order":0,"comment_status":"closed","ping_status":"closed","template":"elementor_header_footer","meta":{"inline_featured_image":false,"footnotes":""},"class_list":["post-4040","page","type-page","status-publish","has-post-thumbnail","hentry"],"_links":{"self":[{"href":"https:\/\/muguetagency.com\/en\/wp-json\/wp\/v2\/pages\/4040","targetHints":{"allow":["GET"]}}],"collection":[{"href":"https:\/\/muguetagency.com\/en\/wp-json\/wp\/v2\/pages"}],"about":[{"href":"https:\/\/muguetagency.com\/en\/wp-json\/wp\/v2\/types\/page"}],"author":[{"embeddable":true,"href":"https:\/\/muguetagency.com\/en\/wp-json\/wp\/v2\/users\/1"}],"replies":[{"embeddable":true,"href":"https:\/\/muguetagency.com\/en\/wp-json\/wp\/v2\/comments?post=4040"}],"version-history":[{"count":9,"href":"https:\/\/muguetagency.com\/en\/wp-json\/wp\/v2\/pages\/4040\/revisions"}],"predecessor-version":[{"id":6382,"href":"https:\/\/muguetagency.com\/en\/wp-json\/wp\/v2\/pages\/4040\/revisions\/6382"}],"wp:featuredmedia":[{"embeddable":true,"href":"https:\/\/muguetagency.com\/en\/wp-json\/wp\/v2\/media\/4964"}],"wp:attachment":[{"href":"https:\/\/muguetagency.com\/en\/wp-json\/wp\/v2\/media?parent=4040"}],"curies":[{"name":"wp","href":"https:\/\/api.w.org\/{rel}","templated":true}]}}